{"id":49,"date":"2022-02-22T12:09:31","date_gmt":"2022-02-22T12:09:31","guid":{"rendered":"https:\/\/www.arreglo.com.mx\/index.php\/home\/"},"modified":"2023-09-22T19:01:46","modified_gmt":"2023-09-22T19:01:46","slug":"home","status":"publish","type":"page","link":"https:\/\/www.arreglo.com.mx\/","title":{"rendered":"Home"},"content":{"rendered":"\n<div class=\"wp-block-uagb-image alignfull uagb-block-ef9af576 wp-block-uagb-image--layout-default wp-block-uagb-image--effect-static wp-block-uagb-image--align-full\"><figure class=\"wp-block-uagb-image__figure\"><img decoding=\"async\" srcset=\"https:\/\/www.arreglo.com.mx\/wp-content\/uploads\/2023\/08\/portada-pagina-1024x689.png \" sizes=\"auto, (max-width: 480px) 150px\" src=\"https:\/\/www.arreglo.com.mx\/wp-content\/uploads\/2023\/08\/portada-pagina-1024x689.png\" alt=\"\" class=\"uag-image-324\" width=\"1652\" height=\"1111\" title=\"\" loading=\"lazy\"\/><\/figure><\/div>\n\n\n\n<div id=\"services\" class=\"wp-block-uagb-container uagb-block-f2d412da alignfull uagb-is-root-container\"><div class=\"uagb-container-inner-blocks-wrap\">\n<div class=\"wp-block-uagb-container uagb-block-2273dc51\">\n<div class=\"wp-block-uagb-container uagb-block-9dd2f6eb\">\n<div class=\"wp-block-uagb-info-box uagb-block-35afc2b9 uagb-infobox__content-wrap  uagb-infobox-icon-above-title uagb-infobox-image-valign-top\"><div class=\"uagb-ifb-content\"><div class=\"uagb-ifb-title-wrap\"><h2 class=\"uagb-ifb-title\">Servicios<\/h2><\/div><\/div><\/div>\n<\/div>\n<\/div>\n\n\n\n<div class=\"wp-block-uagb-container uagb-block-517619d1\">\n<div class=\"wp-block-uagb-container uagb-block-78092647\">\n<div class=\"wp-block-uagb-image uagb-block-dc7852f3 wp-block-uagb-image--layout-overlay wp-block-uagb-image--effect-static wp-block-uagb-image--align-none\"><figure class=\"wp-block-uagb-image__figure\"><img decoding=\"async\" srcset=\"https:\/\/www.arreglo.com.mx\/wp-content\/uploads\/2023\/09\/istockphoto-835262826-612x612-1.jpg , https:\/\/www.arreglo.com.mx\/wp-content\/uploads\/2023\/09\/istockphoto-835262826-612x612-1.jpg 360w\" sizes=\"auto, (max-width: 480px) 150px\" src=\"https:\/\/www.arreglo.com.mx\/wp-content\/uploads\/2023\/09\/istockphoto-835262826-612x612-1.jpg\" alt=\"\" class=\"uag-image-433\" width=\"592\" height=\"395\" title=\"\" loading=\"lazy\"\/><div class=\"wp-block-uagb-image--layout-overlay__color-wrapper\"><\/div><div class=\"wp-block-uagb-image--layout-overlay__inner center-center\"><a class=\"wp-block-uagb-image--layout-overlay-link \" href=\"\" target=\"\" rel=\"noopener\"><\/a><h3 class=\"uagb-image-heading\">Lavado<\/h3><figcaption class=\"uagb-image-caption\">Nuestro servicio de lavander\u00eda va m\u00e1s all\u00e1 de simplemente eliminar las manchas y olores. Utilizamos productos de calidad para preservar la integridad de tus prendas mientras las dejamos impecablemente limpias y frescas.<\/figcaption><\/div><\/figure><\/div>\n<\/div>\n\n\n\n<div class=\"wp-block-uagb-container uagb-block-f030119c\">\n<div class=\"wp-block-uagb-image aligncenter uagb-block-924fd192 wp-block-uagb-image--layout-overlay wp-block-uagb-image--effect-static wp-block-uagb-image--align-center\"><figure class=\"wp-block-uagb-image__figure\"><img decoding=\"async\" srcset=\"https:\/\/www.arreglo.com.mx\/wp-content\/uploads\/2023\/09\/istockphoto-908693328-612x612-1.jpg , https:\/\/www.arreglo.com.mx\/wp-content\/uploads\/2023\/09\/istockphoto-908693328-612x612-1.jpg 360w\" sizes=\"auto, (max-width: 480px) 150px\" src=\"https:\/\/www.arreglo.com.mx\/wp-content\/uploads\/2023\/09\/istockphoto-908693328-612x612-1.jpg\" alt=\"\" class=\"uag-image-434\" width=\"580\" height=\"356\" title=\"\" loading=\"lazy\"\/><div class=\"wp-block-uagb-image--layout-overlay__color-wrapper\"><\/div><div class=\"wp-block-uagb-image--layout-overlay__inner center-center\"><a class=\"wp-block-uagb-image--layout-overlay-link \" href=\"\" target=\"\" rel=\"noopener\"><\/a><h3 class=\"uagb-image-heading\">Planchado<\/h3><figcaption class=\"uagb-image-caption\">Cada pliegue, cada costura y cada detalle se cuidan meticulosamente para garantizar que tu ropa est\u00e9 impecable. Deja que nuestras manos expertas devuelvan a tus prendas su apariencia fresca y pulcra.<\/figcaption><\/div><\/figure><\/div>\n<\/div>\n<\/div>\n\n\n\n<div class=\"wp-block-uagb-container uagb-block-cd133960\">\n<div class=\"wp-block-uagb-container uagb-block-ae5d6c82\">\n<div class=\"wp-block-uagb-image uagb-block-218edf76 wp-block-uagb-image--layout-overlay wp-block-uagb-image--effect-static wp-block-uagb-image--align-none\"><figure class=\"wp-block-uagb-image__figure\"><img decoding=\"async\" srcset=\"https:\/\/www.arreglo.com.mx\/wp-content\/uploads\/2023\/09\/istockphoto-174781924-612x612-1.jpg , https:\/\/www.arreglo.com.mx\/wp-content\/uploads\/2023\/09\/istockphoto-174781924-612x612-1.jpg 360w\" sizes=\"auto, (max-width: 480px) 150px\" src=\"https:\/\/www.arreglo.com.mx\/wp-content\/uploads\/2023\/09\/istockphoto-174781924-612x612-1.jpg\" alt=\"\" class=\"uag-image-435\" width=\"580\" height=\"356\" title=\"\" loading=\"lazy\"\/><div class=\"wp-block-uagb-image--layout-overlay__color-wrapper\"><\/div><div class=\"wp-block-uagb-image--layout-overlay__inner center-center\"><a class=\"wp-block-uagb-image--layout-overlay-link \" href=\"\" target=\"\" rel=\"noopener\"><\/a><h3 class=\"uagb-image-heading\">Tintorer\u00eda<\/h3><figcaption class=\"uagb-image-caption\">Shirts on coathanger closeup shot. First shirt is bright red while second and third are blue. Blue shirt is in focus.<\/figcaption><\/div><\/figure><\/div>\n<\/div>\n\n\n\n<div class=\"wp-block-uagb-container uagb-block-e74677b6\">\n<div class=\"wp-block-uagb-image aligncenter uagb-block-bedce6f6 wp-block-uagb-image--layout-overlay wp-block-uagb-image--effect-static wp-block-uagb-image--align-center\"><figure class=\"wp-block-uagb-image__figure\"><img decoding=\"async\" srcset=\"https:\/\/www.arreglo.com.mx\/wp-content\/uploads\/2023\/09\/istockphoto-463865673-612x612-1.jpg , https:\/\/www.arreglo.com.mx\/wp-content\/uploads\/2023\/09\/istockphoto-463865673-612x612-1.jpg 360w\" sizes=\"auto, (max-width: 480px) 150px\" src=\"https:\/\/www.arreglo.com.mx\/wp-content\/uploads\/2023\/09\/istockphoto-463865673-612x612-1.jpg\" alt=\"\" class=\"uag-image-430\" width=\"580\" height=\"356\" title=\"\" loading=\"lazy\"\/><div class=\"wp-block-uagb-image--layout-overlay__color-wrapper\"><\/div><div class=\"wp-block-uagb-image--layout-overlay__inner center-center\"><a class=\"wp-block-uagb-image--layout-overlay-link \" href=\"\" target=\"\" rel=\"noopener\"><\/a><h3 class=\"uagb-image-heading\">Zurcido<\/h3><figcaption class=\"uagb-image-caption\">Red fabric satin with thread and buttons, sewing machine<\/figcaption><\/div><\/figure><\/div>\n<\/div>\n<\/div>\n<\/div><\/div>\n\n\n\n<div class=\"wp-block-uagb-container uagb-block-7d2caa10 alignfull uagb-is-root-container\"><div class=\"uagb-container-inner-blocks-wrap\">\n<div class=\"wp-block-uagb-container uagb-block-b030b950\">\n<div class=\"wp-block-uagb-image uagb-block-363b6eef wp-block-uagb-image--layout-default wp-block-uagb-image--effect-static wp-block-uagb-image--align-none\"><figure class=\"wp-block-uagb-image__figure\"><img decoding=\"async\" srcset=\"https:\/\/www.arreglo.com.mx\/wp-content\/uploads\/2023\/09\/97409197-612x612-1.jpg ,https:\/\/www.arreglo.com.mx\/wp-content\/uploads\/2021\/11\/cta-img-1.jpg 780w, https:\/\/www.arreglo.com.mx\/wp-content\/uploads\/2023\/09\/97409197-612x612-1.jpg 360w\" sizes=\"auto, (max-width: 480px) 150px\" src=\"https:\/\/www.arreglo.com.mx\/wp-content\/uploads\/2023\/09\/97409197-612x612-1.jpg\" alt=\"\" class=\"uag-image-413\" width=\"650\" height=\"589\" title=\"\" loading=\"lazy\"\/><\/figure><\/div>\n<\/div>\n\n\n\n<div class=\"wp-block-uagb-container uagb-block-6360d690\">\n<div class=\"wp-block-uagb-info-box uagb-block-3947f3d8 uagb-infobox__content-wrap  uagb-infobox-icon-above-title uagb-infobox-image-valign-top\"><div class=\"uagb-ifb-content\"><div class=\"uagb-ifb-title-wrap\"><h2 class=\"uagb-ifb-title\">Devuelve la frescura a tu ropa<\/h2><\/div><p class=\"uagb-ifb-desc\">Deja que tus prendas hablen de tu estilo.<br>Descubre el cuidado de tus prendas con nosotros.<br><\/p><\/div><\/div>\n<\/div>\n<\/div><\/div>\n\n\n\n<div id=\"gallery\" class=\"wp-block-uagb-container uagb-block-8dae89ea alignfull uagb-is-root-container\"><div class=\"uagb-container-inner-blocks-wrap\">\n<div class=\"wp-block-uagb-advanced-heading uagb-block-e23eee94\"><h2 class=\"uagb-heading-text\">Galeria<\/h2><\/div>\n\n\n\n<div class=\"wp-block-uagb-container uagb-block-b446c597\">\n<div class=\"wp-block-uagb-container uagb-block-40b3a5c1\">\n<div class=\"wp-block-uagb-image uagb-block-46616aa2 wp-block-uagb-image--layout-default wp-block-uagb-image--effect-zoomin wp-block-uagb-image--align-none\"><figure class=\"wp-block-uagb-image__figure\"><img decoding=\"async\" srcset=\"https:\/\/www.arreglo.com.mx\/wp-content\/uploads\/2023\/09\/95442311-612x612-1.jpg , https:\/\/www.arreglo.com.mx\/wp-content\/uploads\/2023\/09\/95442311-612x612-1.jpg 360w\" sizes=\"auto, (max-width: 480px) 150px\" src=\"https:\/\/www.arreglo.com.mx\/wp-content\/uploads\/2023\/09\/95442311-612x612-1.jpg\" alt=\"\" class=\"uag-image-420\" width=\"788\" height=\"525\" title=\"\" loading=\"lazy\"\/><\/figure><\/div>\n<\/div>\n\n\n\n<div class=\"wp-block-uagb-container uagb-block-4a3e9662\">\n<div class=\"wp-block-uagb-image uagb-block-bd5263c8 wp-block-uagb-image--layout-default wp-block-uagb-image--effect-zoomin wp-block-uagb-image--align-none\"><figure class=\"wp-block-uagb-image__figure\"><img decoding=\"async\" srcset=\"https:\/\/www.arreglo.com.mx\/wp-content\/uploads\/2023\/09\/depositphotos_37880111-stock-photo-blue-torn-denim-jeans-texture.webp , https:\/\/www.arreglo.com.mx\/wp-content\/uploads\/2023\/09\/depositphotos_358950916-stock-photo-close-sewing-needle-stuck-denim.webp 360w\" sizes=\"auto, (max-width: 480px) 150px\" src=\"https:\/\/www.arreglo.com.mx\/wp-content\/uploads\/2023\/09\/depositphotos_37880111-stock-photo-blue-torn-denim-jeans-texture.webp\" alt=\"\" class=\"uag-image-354\" width=\"698\" height=\"310\" title=\"\" loading=\"lazy\"\/><\/figure><\/div>\n\n\n\n<div class=\"wp-block-uagb-image uagb-block-20b4d791 wp-block-uagb-image--layout-default wp-block-uagb-image--effect-zoomin wp-block-uagb-image--align-none\"><figure class=\"wp-block-uagb-image__figure\"><img decoding=\"async\" srcset=\"https:\/\/www.arreglo.com.mx\/wp-content\/uploads\/2023\/09\/depositphotos_1006138-stock-photo-blue-jeans-zip.webp , https:\/\/www.arreglo.com.mx\/wp-content\/uploads\/2023\/09\/depositphotos_1006138-stock-photo-blue-jeans-zip.webp 360w\" sizes=\"auto, (max-width: 480px) 150px\" src=\"https:\/\/www.arreglo.com.mx\/wp-content\/uploads\/2023\/09\/depositphotos_1006138-stock-photo-blue-jeans-zip.webp\" alt=\"\" class=\"uag-image-335\" width=\"698\" height=\"310\" title=\"\" loading=\"lazy\"\/><\/figure><\/div>\n<\/div>\n<\/div>\n\n\n\n<div class=\"wp-block-uagb-container uagb-block-7d1fcf06\">\n<div class=\"wp-block-uagb-container uagb-block-1757ec32\">\n<div class=\"wp-block-uagb-image uagb-block-22be1cd8 wp-block-uagb-image--layout-default wp-block-uagb-image--effect-zoomin wp-block-uagb-image--align-none\"><figure class=\"wp-block-uagb-image__figure\"><img decoding=\"async\" srcset=\"https:\/\/www.arreglo.com.mx\/wp-content\/uploads\/2023\/09\/depositphotos_152125600-stock-photo-set-of-sewing-supplies.webp , https:\/\/www.arreglo.com.mx\/wp-content\/uploads\/2023\/09\/depositphotos_152125600-stock-photo-set-of-sewing-supplies.webp 360w\" sizes=\"auto, (max-width: 480px) 150px\" src=\"https:\/\/www.arreglo.com.mx\/wp-content\/uploads\/2023\/09\/depositphotos_152125600-stock-photo-set-of-sewing-supplies.webp\" alt=\"\" class=\"uag-image-339\" width=\"680\" height=\"310\" title=\"\" loading=\"lazy\"\/><\/figure><\/div>\n\n\n\n<div class=\"wp-block-uagb-image uagb-block-3cdfeee0 wp-block-uagb-image--layout-default wp-block-uagb-image--effect-zoomin wp-block-uagb-image--align-none\"><figure class=\"wp-block-uagb-image__figure\"><img decoding=\"async\" srcset=\"https:\/\/www.arreglo.com.mx\/wp-content\/uploads\/2023\/09\/depositphotos_300181998-stock-photo-sewing-machine-jeans-hole-sewing.webp , https:\/\/www.arreglo.com.mx\/wp-content\/uploads\/2023\/09\/depositphotos_300181998-stock-photo-sewing-machine-jeans-hole-sewing.webp 360w\" sizes=\"auto, (max-width: 480px) 150px\" src=\"https:\/\/www.arreglo.com.mx\/wp-content\/uploads\/2023\/09\/depositphotos_300181998-stock-photo-sewing-machine-jeans-hole-sewing.webp\" alt=\"\" class=\"uag-image-340\" width=\"698\" height=\"310\" title=\"\" loading=\"lazy\"\/><\/figure><\/div>\n<\/div>\n\n\n\n<div class=\"wp-block-uagb-container uagb-block-c964411d\">\n<div class=\"wp-block-uagb-image uagb-block-2ae22d71 wp-block-uagb-image--layout-default wp-block-uagb-image--effect-zoomin wp-block-uagb-image--align-none\"><figure class=\"wp-block-uagb-image__figure\"><img decoding=\"async\" srcset=\"https:\/\/www.arreglo.com.mx\/wp-content\/uploads\/2023\/09\/depositphotos_350703096-stock-photo-handicraft-clothing-repair-ripped-blue.webp , https:\/\/www.arreglo.com.mx\/wp-content\/uploads\/2023\/09\/depositphotos_350703096-stock-photo-handicraft-clothing-repair-ripped-blue.webp 360w\" sizes=\"auto, (max-width: 480px) 150px\" src=\"https:\/\/www.arreglo.com.mx\/wp-content\/uploads\/2023\/09\/depositphotos_350703096-stock-photo-handicraft-clothing-repair-ripped-blue.webp\" alt=\"\" class=\"uag-image-342\" width=\"804\" height=\"536\" title=\"\" loading=\"lazy\"\/><\/figure><\/div>\n<\/div>\n<\/div>\n<\/div><\/div>\n\n\n\n<div id=\"testimonials\" class=\"wp-block-uagb-container uagb-block-828c4aac alignfull uagb-is-root-container\"><div class=\"uagb-container-inner-blocks-wrap\">\n<div class=\"wp-block-uagb-advanced-heading uagb-block-80e9b8ac\"><h2 class=\"uagb-heading-text\">Opiniones de clientes<\/h2><\/div>\n\n\n\n<div class=\"wp-block-uagb-container uagb-block-909f5289\">\n<div class=\"wp-block-uagb-container uagb-block-230aa11d\">\n<div class=\"wp-block-uagb-info-box uagb-block-19b5e1e4 uagb-infobox__content-wrap  uagb-infobox-icon-above-title uagb-infobox-image-valign-top\"><div class=\"uagb-ifb-content\"><div class=\"uagb-ifb-image-content\"><img decoding=\"async\" src=\"https:\/\/www.arreglo.com.mx\/wp-content\/uploads\/2021\/11\/testimonials2.png\" alt=\"\" width=\"\" height=\"0\" loading=\"lazy\"\/><\/div><div class=\"uagb-ifb-title-wrap\"><\/div><\/div><\/div>\n\n\n\n<div class=\"wp-block-uagb-advanced-heading uagb-block-711761ee\"><p class=\"uagb-heading-text\">\u00abPuedes confiar en que tu ropa estar\u00e1 en buenas manos aqu\u00ed. Siempre regreso por la atenci\u00f3n y calidad inigualables.\u00bb<\/p><\/div>\n\n\n\n<div class=\"wp-block-uagb-star-rating uagb-block-ffd842e1\"><div class=\"uag-star-rating\" title=\"4\/5\"><span class=\"uag-star\">\u2605<\/span><span class=\"uag-star\">\u2605<\/span><span class=\"uag-star\">\u2605<\/span><span class=\"uag-star\">\u2605<\/span><span class=\"uag-star\">\u2605<\/span><\/div><\/div>\n<\/div>\n\n\n\n<div class=\"wp-block-uagb-container uagb-block-7f35eaf9\">\n<div class=\"wp-block-uagb-info-box uagb-block-ce6d4462 uagb-infobox__content-wrap  uagb-infobox-icon-above-title uagb-infobox-image-valign-top\"><div class=\"uagb-ifb-content\"><div class=\"uagb-ifb-image-content\"><img decoding=\"async\" src=\"https:\/\/www.arreglo.com.mx\/wp-content\/uploads\/2021\/11\/testimonials1.png\" alt=\"\" width=\"\" height=\"0\" loading=\"lazy\"\/><\/div><div class=\"uagb-ifb-title-wrap\"><\/div><\/div><\/div>\n\n\n\n<div class=\"wp-block-uagb-advanced-heading uagb-block-c5cde54b\"><p class=\"uagb-heading-text\">\u00abNo importa qu\u00e9 prenda necesite reparaci\u00f3n, siempre entregan resultados impecables. Son los mejores de la ciudad.\u00bb<\/p><\/div>\n\n\n\n<div class=\"wp-block-uagb-star-rating uagb-block-b9b20d93\"><div class=\"uag-star-rating\" title=\"5\/5\"><span class=\"uag-star\">\u2605<\/span><span class=\"uag-star\">\u2605<\/span><span class=\"uag-star\">\u2605<\/span><span class=\"uag-star\">\u2605<\/span><span class=\"uag-star\">\u2605<\/span><\/div><\/div>\n<\/div>\n<\/div>\n<\/div><\/div>\n\n\n\t\t\t<div \n\t\t\tclass=\"wp-block-uagb-google-map uagb-google-map__wrap uagb-block-5fcfecee     \"\n\t\t\tstyle=\"\" >\n\t\t\t\t<embed\n\t\t\t\t\tclass=\"uagb-google-map__iframe\"\n\t\t\t\t\ttitle=\"Mapa de Google de\"\n\t\t\t\t\tsrc=\"https:\/\/maps.google.com\/maps?q=arreglo%20%28lavado%2C%20planchado%2C%20tintorer%C3%ADa%20y%20costura%29%20Doroteo%20L%C3%B3pez%20600-B%2C%20La%20Armon%C3%ADa%2C%2028030%20Colima%2C%20Col.&#038;z=16&#038;hl=es&#038;t=m&#038;output=embed&#038;iwloc=near\"\n\t\t\t\t\twidth=\"640\"\n\t\t\t\t\theight=\"300\"\n\t\t\t\t\tloading=\"lazy\"\n\t\t\t\t><\/embed>\n\t\t\t<\/div>\n\t\t\t","protected":false},"excerpt":{"rendered":"<p>Galeria Opiniones de clientes \u00abPuedes confiar en que tu ropa estar\u00e1 en buenas manos aqu\u00ed. Siempre regreso por la atenci\u00f3n y calidad inigualables.\u00bb \u00abNo importa qu\u00e9 prenda necesite reparaci\u00f3n, siempre entregan resultados impecables. Son los mejores de la ciudad.\u00bb<\/p>\n","protected":false},"author":1,"featured_media":0,"parent":0,"menu_order":0,"comment_status":"closed","ping_status":"closed","template":"","meta":{"_uag_custom_page_level_css":"","site-sidebar-layout":"no-sidebar","site-content-layout":"page-builder","ast-site-content-layout":"full-width-container","site-content-style":"unboxed","site-sidebar-style":"unboxed","ast-global-header-display":"","ast-banner-title-visibility":"","ast-main-header-display":"","ast-hfb-above-header-display":"","ast-hfb-below-header-display":"","ast-hfb-mobile-header-display":"","site-post-title":"disabled","ast-breadcrumbs-content":"","ast-featured-img":"disabled","footer-sml-layout":"","ast-disable-related-posts":"","theme-transparent-header-meta":"enabled","adv-header-id-meta":"","stick-header-meta":"","header-above-stick-meta":"","header-main-stick-meta":"","header-below-stick-meta":"","astra-migrate-meta-layouts":"set","ast-page-background-enabled":"default","ast-page-background-meta":{"desktop":{"background-color":"var(--ast-global-color-4)","background-image":"","background-repeat":"repeat","background-position":"center center","background-size":"auto","background-attachment":"scroll","background-type":"","background-media":"","overlay-type":"","overlay-color":"","overlay-opacity":"","overlay-gradient":""},"tablet":{"background-color":"","background-image":"","background-repeat":"repeat","background-position":"center center","background-size":"auto","background-attachment":"scroll","background-type":"","background-media":"","overlay-type":"","overlay-color":"","overlay-opacity":"","overlay-gradient":""},"mobile":{"background-color":"","background-image":"","background-repeat":"repeat","background-position":"center center","background-size":"auto","background-attachment":"scroll","background-type":"","background-media":"","overlay-type":"","overlay-color":"","overlay-opacity":"","overlay-gradient":""}},"ast-content-background-meta":{"desktop":{"background-color":"var(--ast-global-color-5)","background-image":"","background-repeat":"repeat","background-position":"center center","background-size":"auto","background-attachment":"scroll","background-type":"","background-media":"","overlay-type":"","overlay-color":"","overlay-opacity":"","overlay-gradient":""},"tablet":{"background-color":"var(--ast-global-color-5)","background-image":"","background-repeat":"repeat","background-position":"center center","background-size":"auto","background-attachment":"scroll","background-type":"","background-media":"","overlay-type":"","overlay-color":"","overlay-opacity":"","overlay-gradient":""},"mobile":{"background-color":"var(--ast-global-color-5)","background-image":"","background-repeat":"repeat","background-position":"center center","background-size":"auto","background-attachment":"scroll","background-type":"","background-media":"","overlay-type":"","overlay-color":"","overlay-opacity":"","overlay-gradient":""}},"footnotes":""},"class_list":["post-49","page","type-page","status-publish","hentry"],"uagb_featured_image_src":{"full":false,"thumbnail":false,"medium":false,"medium_large":false,"large":false,"1536x1536":false,"2048x2048":false,"woocommerce_thumbnail":false,"woocommerce_single":false,"woocommerce_gallery_thumbnail":false},"uagb_author_info":{"display_name":"admin","author_link":"https:\/\/www.arreglo.com.mx\/index.php\/author\/admin\/"},"uagb_comment_info":0,"uagb_excerpt":"Galeria Opiniones de clientes \u00abPuedes confiar en que tu ropa estar\u00e1 en buenas manos aqu\u00ed. Siempre regreso por la atenci\u00f3n y calidad inigualables.\u00bb \u00abNo importa qu\u00e9 prenda necesite reparaci\u00f3n, siempre entregan resultados impecables. Son los mejores de la ciudad.\u00bb","_links":{"self":[{"href":"https:\/\/www.arreglo.com.mx\/index.php\/wp-json\/wp\/v2\/pages\/49","targetHints":{"allow":["GET"]}}],"collection":[{"href":"https:\/\/www.arreglo.com.mx\/index.php\/wp-json\/wp\/v2\/pages"}],"about":[{"href":"https:\/\/www.arreglo.com.mx\/index.php\/wp-json\/wp\/v2\/types\/page"}],"author":[{"embeddable":true,"href":"https:\/\/www.arreglo.com.mx\/index.php\/wp-json\/wp\/v2\/users\/1"}],"replies":[{"embeddable":true,"href":"https:\/\/www.arreglo.com.mx\/index.php\/wp-json\/wp\/v2\/comments?post=49"}],"version-history":[{"count":53,"href":"https:\/\/www.arreglo.com.mx\/index.php\/wp-json\/wp\/v2\/pages\/49\/revisions"}],"predecessor-version":[{"id":448,"href":"https:\/\/www.arreglo.com.mx\/index.php\/wp-json\/wp\/v2\/pages\/49\/revisions\/448"}],"wp:attachment":[{"href":"https:\/\/www.arreglo.com.mx\/index.php\/wp-json\/wp\/v2\/media?parent=49"}],"curies":[{"name":"wp","href":"https:\/\/api.w.org\/{rel}","templated":true}]}}